{"id":219,"date":"2021-01-19T21:35:28","date_gmt":"2021-01-19T21:35:28","guid":{"rendered":"https:\/\/www.festi-courts-cote-bleue.fr\/?page_id=219"},"modified":"2021-04-27T19:33:49","modified_gmt":"2021-04-27T19:33:49","slug":"palmares-2011","status":"publish","type":"page","link":"https:\/\/www.festi-courts-cote-bleue.fr\/?page_id=219","title":{"rendered":"Palmar\u00e8s 2011 du film de FICTION"},"content":{"rendered":"\n<p class=\"has-text-align-center has-vivid-red-color has-text-color\"><strong><u>OURSIN D&rsquo;OR 2011<\/u><\/strong><\/p>\n\n\n\n<p class=\"has-text-align-center\">d\u00e9cern\u00e9 \u00e0 <strong>BZIAVA<\/strong> Tornike (G\u00e9orgie)<br>r\u00e9alisateur de <\/p>\n\n\n\n<p class=\"has-text-align-center has-vivid-purple-color has-text-color has-medium-font-size\"><strong><a rel=\"noreferrer noopener\" href=\"https:\/\/www.allocine.fr\/film\/fichefilm_gen_cfilm=189854.html\" target=\"_blank\">\u00ab\u00a0The April chill\u00a0\u00bb<\/a><\/strong> <\/p>\n\n\n\n<div class=\"wp-block-image is-style-default\"><figure class=\"aligncenter\"><a href=\"https:\/\/www.allocine.fr\/film\/fichefilm_gen_cfilm=189854.html\" target=\"_blank\" rel=\"noopener\"><img decoding=\"async\" src=\"https:\/\/fr.web.img4.acsta.net\/c_310_420\/medias\/nmedia\/18\/82\/95\/83\/19650113.jpg\" alt=\"The April Chill\"\/><\/a><\/figure><\/div>\n\n\n\n<p class=\"has-text-align-center\" style=\"font-size:12px\"><em>Offert par la municipalit\u00e9 de Carry-le-Rouet<\/em><\/p>\n\n\n\n<hr class=\"wp-block-separator aligncenter has-text-color has-background has-vivid-cyan-blue-background-color has-vivid-cyan-blue-color is-style-default\"\/>\n\n\n\n<p class=\"has-text-align-center has-vivid-red-color has-text-color\"><strong><u>Prix du Jury 2011<\/u><\/strong><\/p>\n\n\n\n<p class=\"has-text-align-center\">d\u00e9cern\u00e9 \u00e0 <strong>RADCLIFF<\/strong> Christopher et <strong>WOLKSTEIN<\/strong> Lauren (U.S.A.)<br>r\u00e9alisateurs de<\/p>\n\n\n\n<p class=\"has-text-align-center has-vivid-purple-color has-text-color\"><strong><a rel=\"noreferrer noopener\" href=\"https:\/\/www.allocine.fr\/film\/fichefilm_gen_cfilm=217751.html\" target=\"_blank\">\u00ab\u00a0Deux inconnus\u00a0\u00bb<\/a><\/strong><\/p>\n\n\n\n<div class=\"wp-block-image is-style-default\"><figure class=\"aligncenter\"><a href=\"https:\/\/www.allocine.fr\/film\/fichefilm_gen_cfilm=217751.html\" target=\"_blank\" rel=\"noopener\"><img decoding=\"async\" src=\"https:\/\/fr.web.img3.acsta.net\/c_310_420\/pictures\/14\/04\/25\/09\/49\/410732.jpg\" alt=\"https:\/\/fr.web.img3.acsta.net\/c_310_420\/pictures\/14\/04\/25\/09\/49\/410732.jpg\"\/><\/a><\/figure><\/div>\n\n\n\n<p class=\"has-text-align-center\" style=\"font-size:12px\"><em>Offert par le Rotary Club de la C\u00f4te Bleue<\/em><\/p>\n\n\n\n<hr class=\"wp-block-separator aligncenter has-text-color has-background has-vivid-cyan-blue-background-color has-vivid-cyan-blue-color is-style-default\"\/>\n\n\n\n<p class=\"has-text-align-center has-vivid-red-color has-text-color\"><strong><u>Prix du Jury Jeune 2011<\/u><\/strong><\/p>\n\n\n\n<p class=\"has-text-align-center\">&nbsp;&nbsp;&nbsp;&nbsp;&nbsp; d\u00e9cern\u00e9 \u00e0 <strong>ARMENTEROS<\/strong> <strong>RODRIGUEZ <\/strong>Maria Isabel (Espagne)<br>r\u00e9alisatrice de <\/p>\n\n\n\n<p class=\"has-text-align-center has-vivid-purple-color has-text-color\"><strong><a rel=\"noreferrer noopener\" href=\"https:\/\/www.imdb.com\/title\/tt1825956\/\" target=\"_blank\">\u00ab\u00a0Sin palabras\u00a0\u00bb<\/a><\/strong><\/p>\n\n\n\n<div class=\"wp-block-image is-style-default\"><figure class=\"aligncenter\"><a href=\"https:\/\/www.imdb.com\/title\/tt1825956\/\" target=\"_blank\" rel=\"noopener\"><img decoding=\"async\" src=\"https:\/\/m.media-amazon.com\/images\/M\/MV5BMjJjN2RmZDQtZjIxYy00NDljLTlkZTctYmQyMDU4YzY4OTliXkEyXkFqcGdeQXVyNDkyMzgwNA@@._V1_UY268_CR1,0,182,268_AL_.jpg\" alt=\"https:\/\/m.media-amazon.com\/images\/M\/MV5BMjJjN2RmZDQtZjIxYy00NDljLTlkZTctYmQyMDU4YzY4OTliXkEyXkFqcGdeQXVyNDkyMzgwNA@@._V1_UY268_CR1,0,182,268_AL_.jpg\"\/><\/a><\/figure><\/div>\n\n\n\n<p class=\"has-text-align-center\" style=\"font-size:12px\"><em>\u00a0\u00a0\u00a0\u00a0Offert par la municipalit\u00e9 du Rove <\/em><\/p>\n\n\n\n<hr class=\"wp-block-separator aligncenter has-text-color has-background has-vivid-cyan-blue-background-color has-vivid-cyan-blue-color is-style-default\"\/>\n\n\n\n<p class=\"has-text-align-center has-vivid-red-color has-text-color\"><strong><u>Prix de l&rsquo;Avenir 2011<\/u><\/strong><\/p>\n\n\n\n<p class=\"has-text-align-center\">d\u00e9cern\u00e9 \u00e0 <strong>ZEXER<\/strong> Elite (Isra\u00ebl)<br>r\u00e9alisatrice de <\/p>\n\n\n\n<p class=\"has-text-align-center has-vivid-purple-color has-text-color\"><strong>\u00ab\u00a0Tasnim\u00a0\u00bb<\/strong><\/p>\n\n\n\n<p class=\"has-text-align-center\" style=\"font-size:12px\"><em>Offert par la municipalit\u00e9 de Sausset-les-Pins <\/em><\/p>\n\n\n\n<hr class=\"wp-block-separator aligncenter has-text-color has-background has-vivid-cyan-blue-background-color has-vivid-cyan-blue-color is-style-default\"\/>\n\n\n\n<p class=\"has-text-align-center has-vivid-red-color has-text-color\"><strong><u>Prix du vote du Public 2011<\/u><\/strong><\/p>\n\n\n\n<p class=\"has-text-align-center\">d\u00e9cern\u00e9 \u00e0 <strong>BOUSTANI<\/strong> Julien et <strong>RAMOS<\/strong> C\u00e9cilia (France)<br>r\u00e9alisateurs de <\/p>\n\n\n\n<p class=\"has-text-align-center has-vivid-purple-color has-text-color\"><strong>\u00ab\u00a0La r\u00e9paration\u00a0\u00bb<\/strong><\/p>\n\n\n\n<p class=\"has-text-align-center\" style=\"font-size:12px\"><em>Offert par le Lions Club de la C\u00f4te Bleue<\/em><\/p>\n\n\n\n<hr class=\"wp-block-separator aligncenter has-text-color has-background has-vivid-cyan-blue-background-color has-vivid-cyan-blue-color is-style-default\"\/>\n\n\n\n<p class=\"has-text-align-center has-vivid-red-color has-text-color\"><strong><u>Mention Sp\u00e9ciale du Jury 2011<\/u><\/strong><\/p>\n\n\n\n<p class=\"has-text-align-center\">d\u00e9cern\u00e9e \u00e0 <strong>MARIETTE<\/strong> Vincent (France)<br>r\u00e9alisateur de <\/p>\n\n\n\n<p class=\"has-text-align-center has-vivid-purple-color has-text-color\"><a rel=\"noreferrer noopener\" href=\"https:\/\/www.allocine.fr\/film\/fichefilm_gen_cfilm=190388.html\" target=\"_blank\">\u00ab\u00a0<strong>Le meilleur ami de l&rsquo;homme<\/strong>\u00ab\u00a0<\/a><\/p>\n\n\n\n<div class=\"wp-block-image is-style-default\"><figure class=\"aligncenter is-resized\"><a href=\"https:\/\/www.allocine.fr\/film\/fichefilm_gen_cfilm=190388.html\" target=\"_blank\" rel=\"noopener\"><img loading=\"lazy\" decoding=\"async\" src=\"https:\/\/fr.web.img6.acsta.net\/c_310_420\/medias\/nmedia\/18\/83\/13\/60\/20474571.jpg\" alt=\"https:\/\/fr.web.img6.acsta.net\/c_310_420\/medias\/nmedia\/18\/83\/13\/60\/20474571.jpg\" width=\"221\" height=\"300\"\/><\/a><\/figure><\/div>\n\n\n\n<hr class=\"wp-block-separator aligncenter has-text-color has-background has-vivid-cyan-blue-background-color has-vivid-cyan-blue-color is-style-default\"\/>\n\n\n\n<p class=\"has-text-align-center has-vivid-red-color has-text-color\"><strong><u>Mention Sp\u00e9ciale du Public 2011<\/u><\/strong><\/p>\n\n\n\n<p class=\"has-text-align-center\">d\u00e9cern\u00e9e \u00e0 <strong>ARCH\u00c9 <\/strong>R\u00e9my (France)<br>r\u00e9alisateur de <\/p>\n\n\n\n<p class=\"has-text-align-center has-vivid-purple-color has-text-color\"><strong><a rel=\"noreferrer noopener\" href=\"https:\/\/www.allocine.fr\/film\/fichefilm_gen_cfilm=200304.html\" target=\"_blank\">\u00ab\u00a0Pers\u00e9cution\u00a0\u00bb<\/a><\/strong><\/p>\n\n\n\n<div class=\"wp-block-image is-style-default\"><figure class=\"aligncenter is-resized\"><a href=\"https:\/\/www.allocine.fr\/film\/fichefilm_gen_cfilm=200304.html\" target=\"_blank\" rel=\"noopener\"><img loading=\"lazy\" decoding=\"async\" src=\"https:\/\/fr.web.img4.acsta.net\/c_310_420\/medias\/nmedia\/18\/86\/73\/65\/19857644.jpg\" alt=\"https:\/\/fr.web.img4.acsta.net\/c_310_420\/medias\/nmedia\/18\/86\/73\/65\/19857644.jpg\" width=\"148\" height=\"200\"\/><\/a><\/figure><\/div>\n\n\n\n<hr class=\"wp-block-separator aligncenter has-text-color has-background has-vivid-cyan-blue-background-color has-vivid-cyan-blue-color is-style-default\"\/>\n\n\n\n<p class=\"has-text-align-center has-vivid-red-color has-text-color\"><strong><u>Mention Sp\u00e9ciale du Public 2011<\/u><\/strong><\/p>\n\n\n\n<p class=\"has-text-align-center\">d\u00e9cern\u00e9e \u00e0 <strong>AMAJGAG<\/strong> Abdellatif (Maroc)<br>r\u00e9alisateur de <\/p>\n\n\n\n<p class=\"has-text-align-center has-vivid-purple-color has-text-color\"><strong>\u00ab\u00a0Vers une nouvelle vie\u00a0\u00bb<\/strong><\/p>\n\n\n\n<hr class=\"wp-block-separator aligncenter has-text-color has-background has-vivid-cyan-blue-background-color has-vivid-cyan-blue-color is-style-default\"\/>\n\n\n\n<h2 class=\"has-text-align-center wp-block-heading\"><strong>PALMARES 2011 du film d&rsquo;animation<\/strong><\/h2>\n\n\n\n<p class=\"has-text-align-center has-vivid-red-color has-text-color\"><strong><u>OURSIN D&rsquo;OR 2011<\/u><\/strong><\/p>\n\n\n\n<p class=\"has-text-align-center\">d\u00e9cern\u00e9 \u00e0 <strong>SHADRINA<\/strong> Alexandra (Russie)<br>r\u00e9alisatrice de <\/p>\n\n\n\n<p class=\"has-text-align-center has-vivid-purple-color has-text-color\"><strong>\u00ab\u00a0Coast warning\u00a0\u00bb<\/strong><\/p>\n\n\n\n<div class=\"wp-block-image is-style-default\"><figure class=\"aligncenter size-large is-resized\"><a href=\"https:\/\/vimeo.com\/29911473\" target=\"_blank\" rel=\"noopener\"><img loading=\"lazy\" decoding=\"async\" src=\"https:\/\/www.festi-courts-cote-bleue.fr\/wp-content\/uploads\/2021\/01\/image.png\" alt=\"\" class=\"wp-image-250\" width=\"125\" height=\"104\" srcset=\"https:\/\/www.festi-courts-cote-bleue.fr\/wp-content\/uploads\/2021\/01\/image.png 499w, https:\/\/www.festi-courts-cote-bleue.fr\/wp-content\/uploads\/2021\/01\/image-300x249.png 300w\" sizes=\"auto, (max-width: 125px) 100vw, 125px\" \/><\/a><\/figure><\/div>\n\n\n\n<p class=\"has-text-align-center\"><strong>600\u20ac offerts par la municipalit\u00e9 de Ch\u00e2teauneuf-les-Martigues<\/strong> <\/p>\n\n\n\n<hr class=\"wp-block-separator aligncenter has-text-color has-background has-vivid-cyan-blue-background-color has-vivid-cyan-blue-color is-style-default\"\/>\n\n\n\n<p class=\"has-text-align-center has-vivid-red-color has-text-color\"><strong><u>PRIX d&rsquo;ENCOURAGEMENT 2011<\/u><\/strong><\/p>\n\n\n\n<p class=\"has-text-align-center\">&nbsp;d\u00e9cern\u00e9 \u00e0 <strong>BOY <\/strong>Benjamin, <strong>CAVAGNE <\/strong>St\u00e9phanie,<br>&nbsp;<strong>CHOW CHEUK <\/strong>Matthieu et <strong>PRIOUX <\/strong>Julien (France)<br>r\u00e9alisateurs de <\/p>\n\n\n\n<p class=\"has-text-align-center has-vivid-purple-color has-text-color\"><a href=\"https:\/\/www.unifrance.org\/film\/33146\/l-entre-deux\" target=\"_blank\" rel=\"noreferrer noopener\"><strong>\u00ab\u00a0L&rsquo;entre deux\u00a0\u00bb<\/strong><\/a><\/p>\n\n\n\n<div class=\"wp-block-image is-style-default\"><figure class=\"aligncenter is-resized\"><a href=\"https:\/\/www.unifrance.org\/film\/33146\/l-entre-deux\" target=\"_blank\" rel=\"noopener\"><img loading=\"lazy\" decoding=\"async\" src=\"https:\/\/medias.unifrance.org\/medias\/103\/245\/62823\/format_page\/media.jpg\" alt=\"https:\/\/medias.unifrance.org\/medias\/103\/245\/62823\/format_page\/media.jpg\" width=\"139\" height=\"198\"\/><\/a><\/figure><\/div>\n\n\n\n<p class=\"has-text-align-center\"><strong>300\u20ac offerts par la municipalit\u00e9 de Carry-le-Rouet<\/strong> <\/p>\n\n\n\n<hr class=\"wp-block-separator aligncenter has-text-color has-background has-vivid-cyan-blue-background-color has-vivid-cyan-blue-color is-style-default\"\/>\n\n\n\n<p class=\"has-text-align-center has-vivid-red-color has-text-color\"><strong><u>PRIX DES COLL\u00c9GIENS&nbsp; 2011<\/u><\/strong><\/p>\n\n\n\n<p class=\"has-text-align-center\">d\u00e9cern\u00e9 \u00e0 <strong>L\u00d6FFLER<\/strong> Throsten et <strong>LACHAUER<\/strong> JAN (Allemagne)<br>r\u00e9alisateurs de<\/p>\n\n\n\n<p class=\"has-text-align-center has-vivid-purple-color has-text-color\">\u00ab\u00a0<strong>Herr Hoppe et les d\u00e9chets nucl\u00e9aires<\/strong>\u00ab\u00a0<\/p>\n\n\n\n<p class=\"has-text-align-center\"><strong>200\u20ac offerts par l\u2019association Festival de Courts M\u00e9trages de la C\u00f4te Bleue<\/strong><\/p>\n\n\n\n<hr class=\"wp-block-separator aligncenter has-text-color has-background has-vivid-cyan-blue-background-color has-vivid-cyan-blue-color is-style-default\"\/>\n\n\n\n<p class=\"has-text-align-center has-vivid-red-color has-text-color\"><strong><u>MENTION SPECIALE 2011 du JURY<\/u><\/strong><\/p>\n\n\n\n<p class=\"has-text-align-center\">d\u00e9cern\u00e9e \u00e0 <strong>L\u00d6FFLER <\/strong>Thorsten et <strong>LACHAUER <\/strong>Jan (Allemagne)<br>r\u00e9alisateurs de<\/p>\n\n\n\n<p class=\"has-text-align-center has-vivid-purple-color has-text-color\">\u00ab\u00a0<strong>Herr Hoppe et les d\u00e9chets nucl\u00e9aires\u00a0\u00bb<\/strong><\/p>\n","protected":false},"excerpt":{"rendered":"<p>OURSIN D&rsquo;OR 2011 d\u00e9cern\u00e9 \u00e0 BZIAVA Tornike (G\u00e9orgie)r\u00e9alisateur de \u00ab\u00a0The April chill\u00a0\u00bb Offert par la municipalit\u00e9 de Carry-le-Rouet Prix du<\/p>\n","protected":false},"author":1,"featured_media":0,"parent":0,"menu_order":0,"comment_status":"closed","ping_status":"closed","template":"","meta":{"colormag_page_container_layout":"default_layout","colormag_page_sidebar_layout":"default_layout","footnotes":""},"class_list":["post-219","page","type-page","status-publish","hentry"],"_links":{"self":[{"href":"https:\/\/www.festi-courts-cote-bleue.fr\/index.php?rest_route=\/wp\/v2\/pages\/219","targetHints":{"allow":["GET"]}}],"collection":[{"href":"https:\/\/www.festi-courts-cote-bleue.fr\/index.php?rest_route=\/wp\/v2\/pages"}],"about":[{"href":"https:\/\/www.festi-courts-cote-bleue.fr\/index.php?rest_route=\/wp\/v2\/types\/page"}],"author":[{"embeddable":true,"href":"https:\/\/www.festi-courts-cote-bleue.fr\/index.php?rest_route=\/wp\/v2\/users\/1"}],"replies":[{"embeddable":true,"href":"https:\/\/www.festi-courts-cote-bleue.fr\/index.php?rest_route=%2Fwp%2Fv2%2Fcomments&post=219"}],"version-history":[{"count":44,"href":"https:\/\/www.festi-courts-cote-bleue.fr\/index.php?rest_route=\/wp\/v2\/pages\/219\/revisions"}],"predecessor-version":[{"id":433,"href":"https:\/\/www.festi-courts-cote-bleue.fr\/index.php?rest_route=\/wp\/v2\/pages\/219\/revisions\/433"}],"wp:attachment":[{"href":"https:\/\/www.festi-courts-cote-bleue.fr\/index.php?rest_route=%2Fwp%2Fv2%2Fmedia&parent=219"}],"curies":[{"name":"wp","href":"https:\/\/api.w.org\/{rel}","templated":true}]}}