{"id":272,"date":"2021-01-19T21:21:44","date_gmt":"2021-01-19T21:21:44","guid":{"rendered":"https:\/\/www.festi-courts-cote-bleue.fr\/?page_id=272"},"modified":"2021-01-19T21:21:44","modified_gmt":"2021-01-19T21:21:44","slug":"jury-2010","status":"publish","type":"page","link":"https:\/\/www.festi-courts-cote-bleue.fr\/?page_id=272","title":{"rendered":"Jury 2010"},"content":{"rendered":"\n<p class=\"has-text-align-center has-vivid-red-color has-text-color\"><strong><strong><u>Jury : Samedi 20 mars 2010<\/u><\/strong><\/strong><\/p>\n\n\n\n<p class=\"has-text-align-center\"><strong>Pr\u00e9sident : Monsieur Alain ARNOUX<\/strong><br><strong>Mme V\u00e9ronique BRA\u00cbMS<\/strong><br><strong>Mme Maryse CANEPA<\/strong><br><strong>Mme Jeanne GLASS<\/strong><br><strong>Mme Genevi\u00e8ve MONIN<\/strong><br><strong>M Marc RIPOLL<\/strong><br><strong>Mlle Myriam<\/strong><\/p>\n\n\n\n<p class=\"has-text-align-center has-vivid-purple-color has-text-color\"><strong>Jury \u00ab\u00a0jeune\u00a0\u00bb samedi 20 mars<\/strong><\/p>\n\n\n\n<p class=\"has-text-align-center\"><strong>Pr\u00e9sident : Monsieur Romain BELLANTE<\/strong><br><strong>Mlle Laurie ROJA<\/strong><br><strong>M. Julien CASTELLANI<\/strong><\/p>\n\n\n\n<p class=\"has-text-align-center has-vivid-red-color has-text-color\"><strong><strong><u>Jury\u00a0 :\u00a0 Dimanche 21 mars 2010<\/u><\/strong><\/strong><\/p>\n\n\n\n<p class=\"has-text-align-center\"><strong>Pr\u00e9sidente : Madame Jeanne GLASS<\/strong><br><strong>Mme Genevi\u00e8ve MONIN<\/strong><br><strong>M Alain ARNOUX<\/strong><br><strong>M Georges BERTOLUCCI<\/strong><br><strong>M Marc RIPOLL<\/strong><br><strong>Adjoints :\u00a0 Mlle Laurie ROJA<\/strong><br><strong>Mlle Fabienne<\/strong><br><strong>M Romain BELLANTE<\/strong><br><strong>M Julien CASTELLANI<\/strong><\/p>\n","protected":false},"excerpt":{"rendered":"<p>Jury : Samedi 20 mars 2010 Pr\u00e9sident : Monsieur Alain ARNOUXMme V\u00e9ronique BRA\u00cbMSMme Maryse CANEPAMme Jeanne GLASSMme Genevi\u00e8ve MONINM Marc<\/p>\n","protected":false},"author":1,"featured_media":0,"parent":0,"menu_order":0,"comment_status":"closed","ping_status":"closed","template":"","meta":{"colormag_page_container_layout":"default_layout","colormag_page_sidebar_layout":"default_layout","footnotes":""},"class_list":["post-272","page","type-page","status-publish","hentry"],"_links":{"self":[{"href":"https:\/\/www.festi-courts-cote-bleue.fr\/index.php?rest_route=\/wp\/v2\/pages\/272","targetHints":{"allow":["GET"]}}],"collection":[{"href":"https:\/\/www.festi-courts-cote-bleue.fr\/index.php?rest_route=\/wp\/v2\/pages"}],"about":[{"href":"https:\/\/www.festi-courts-cote-bleue.fr\/index.php?rest_route=\/wp\/v2\/types\/page"}],"author":[{"embeddable":true,"href":"https:\/\/www.festi-courts-cote-bleue.fr\/index.php?rest_route=\/wp\/v2\/users\/1"}],"replies":[{"embeddable":true,"href":"https:\/\/www.festi-courts-cote-bleue.fr\/index.php?rest_route=%2Fwp%2Fv2%2Fcomments&post=272"}],"version-history":[{"count":1,"href":"https:\/\/www.festi-courts-cote-bleue.fr\/index.php?rest_route=\/wp\/v2\/pages\/272\/revisions"}],"predecessor-version":[{"id":273,"href":"https:\/\/www.festi-courts-cote-bleue.fr\/index.php?rest_route=\/wp\/v2\/pages\/272\/revisions\/273"}],"wp:attachment":[{"href":"https:\/\/www.festi-courts-cote-bleue.fr\/index.php?rest_route=%2Fwp%2Fv2%2Fmedia&parent=272"}],"curies":[{"name":"wp","href":"https:\/\/api.w.org\/{rel}","templated":true}]}}