{"id":309,"date":"2021-02-10T20:13:16","date_gmt":"2021-02-10T20:13:16","guid":{"rendered":"https:\/\/www.festi-courts-cote-bleue.fr\/?page_id=309"},"modified":"2021-02-10T20:13:16","modified_gmt":"2021-02-10T20:13:16","slug":"palmares-2013-du-film-de-fiction","status":"publish","type":"page","link":"https:\/\/www.festi-courts-cote-bleue.fr\/?page_id=309","title":{"rendered":"Palmar\u00e8s 2013 du film de fiction"},"content":{"rendered":"\n<p class=\"has-text-align-center has-vivid-red-color has-text-color\"><strong><u>OURSIN D&rsquo;OR 2013<\/u><\/strong><\/p>\n\n\n\n<p class=\"has-text-align-center\">d\u00e9cern\u00e9 \u00e0 David <strong>LORENZ<\/strong> (Allemagne)<br>r\u00e9alisateur de <\/p>\n\n\n\n<p class=\"has-text-align-center has-vivid-purple-color has-text-color\">\u00ab\u00a0<strong>IN THE NICK OF TIME<\/strong>\u00ab\u00a0<\/p>\n\n\n\n<p class=\"has-text-align-center\" style=\"font-size:12px\"><em>&nbsp; &nbsp;&nbsp;&nbsp;&nbsp;&nbsp;1000\u20ac offerts par la municipalit\u00e9 de Carry-le-Rouet<\/em><\/p>\n\n\n\n<hr class=\"wp-block-separator aligncenter has-text-color has-background has-vivid-cyan-blue-background-color has-vivid-cyan-blue-color is-style-default\"\/>\n\n\n\n<p class=\"has-text-align-center has-vivid-red-color has-text-color\"><strong><u>Prix du Jury<\/u><\/strong><\/p>\n\n\n\n<p class=\"has-text-align-center\">&nbsp;&nbsp;&nbsp;&nbsp;&nbsp;&nbsp; d\u00e9cern\u00e9 \u00e0 F\u00e9lix<strong> SCHAFFERT <\/strong>(Suisse)<br>&nbsp;r\u00e9alisateur de <\/p>\n\n\n\n<p class=\"has-text-align-center has-vivid-purple-color has-text-color\"><a href=\"https:\/\/felixschaffert.ch\/content\/the-robber-trailer-1\/\" target=\"_blank\" rel=\"noreferrer noopener\">\u00ab\u00a0<strong>THE ROBBER<\/strong>\u00ab\u00a0<\/a><\/p>\n\n\n\n<p class=\"has-text-align-center\" style=\"font-size:12px\"><em>&nbsp; 500\u20ac offerts par le Rotary Club de la C\u00f4te Bleue<\/em><\/p>\n\n\n\n<hr class=\"wp-block-separator aligncenter has-text-color has-background has-vivid-cyan-blue-background-color has-vivid-cyan-blue-color is-style-default\"\/>\n\n\n\n<p class=\"has-text-align-center has-vivid-red-color has-text-color\"><strong><u>Prix du Jury Jeune<\/u><\/strong><\/p>\n\n\n\n<p class=\"has-text-align-center\">d\u00e9cern\u00e9 \u00e0 Stein<strong> RUBIN <\/strong>(Espagne)<br>r\u00e9alisateur de<\/p>\n\n\n\n<p class=\"has-text-align-center has-vivid-purple-color has-text-color\"><a href=\"https:\/\/www.imdb.com\/title\/tt2853712\/\" target=\"_blank\" rel=\"noreferrer noopener\">\u00ab\u00a0<strong>TIN ET TINA<\/strong>\u00ab\u00a0<\/a><\/p>\n\n\n\n<div class=\"wp-block-image is-style-default\"><figure class=\"aligncenter\"><a href=\"https:\/\/www.imdb.com\/title\/tt2853712\/\" target=\"_blank\" rel=\"noopener\"><img decoding=\"async\" src=\"https:\/\/m.media-amazon.com\/images\/M\/MV5BMTY1NzM3NDAxMl5BMl5BanBnXkFtZTgwMzQ4OTU4MDE@._V1_UY268_CR3,0,182,268_AL_.jpg\" alt=\"https:\/\/m.media-amazon.com\/images\/M\/MV5BMTY1NzM3NDAxMl5BMl5BanBnXkFtZTgwMzQ4OTU4MDE@._V1_UY268_CR3,0,182,268_AL_.jpg\"\/><\/a><\/figure><\/div>\n\n\n\n<p class=\"has-text-align-center\" style=\"font-size:12px\"><em><strong>&nbsp;&nbsp;&nbsp;&nbsp;&nbsp;&nbsp;&nbsp;&nbsp;&nbsp;&nbsp; <\/strong>500\u20ac offerts par la municipalit\u00e9 du Rove <\/em><\/p>\n\n\n\n<hr class=\"wp-block-separator aligncenter has-text-color has-background has-vivid-cyan-blue-background-color has-vivid-cyan-blue-color is-style-default\"\/>\n\n\n\n<p class=\"has-text-align-center has-vivid-red-color has-text-color\"><strong><u>Prix de l&rsquo;Avenir<\/u><\/strong><\/p>\n\n\n\n<p class=\"has-text-align-center\">d\u00e9cern\u00e9 \u00e0 L\u00e9a<strong> MYSIUS <\/strong>(France)<br>r\u00e9alisatrice de<\/p>\n\n\n\n<p class=\"has-text-align-center has-vivid-purple-color has-text-color\"><a rel=\"noreferrer noopener\" href=\"https:\/\/www.imdb.com\/title\/tt2917262\/\" target=\"_blank\">\u00ab\u00a0<strong>CADAVRE EXQUIS<\/strong>\u00ab\u00a0<\/a><\/p>\n\n\n\n<div class=\"wp-block-image is-style-default\"><figure class=\"aligncenter\"><a href=\"https:\/\/www.imdb.com\/title\/tt2917262\/\" target=\"_blank\" rel=\"noopener\"><img decoding=\"async\" src=\"https:\/\/m.media-amazon.com\/images\/M\/MV5BYWQwN2NhOWEtOGYzZi00ZjRkLWFlZWUtNGNlZjAzMDZkYWE1XkEyXkFqcGdeQXVyNjUyMzIyODA@._V1_UY268_CR3,0,182,268_AL_.jpg\" alt=\"https:\/\/m.media-amazon.com\/images\/M\/MV5BYWQwN2NhOWEtOGYzZi00ZjRkLWFlZWUtNGNlZjAzMDZkYWE1XkEyXkFqcGdeQXVyNjUyMzIyODA@._V1_UY268_CR3,0,182,268_AL_.jpg\"\/><\/a><\/figure><\/div>\n\n\n\n<p class=\"has-text-align-center\" style=\"font-size:12px\"><em>&nbsp; 500\u20ac offerts par le Lions Club de la C\u00f4te Bleue<\/em><\/p>\n\n\n\n<hr class=\"wp-block-separator aligncenter has-text-color has-background has-vivid-cyan-blue-background-color has-vivid-cyan-blue-color is-style-default\"\/>\n\n\n\n<p class=\"has-text-align-center has-vivid-red-color has-text-color\"><strong><u>Prix du Vote du Public<\/u><\/strong><\/p>\n\n\n\n<p class=\"has-text-align-center\">d\u00e9cern\u00e9 \u00e0 <strong>Shio Chuan Quek <\/strong>(Malaisie)<br>r\u00e9alisateur de<\/p>\n\n\n\n<p class=\"has-text-align-center has-vivid-purple-color has-text-color\"><a href=\"https:\/\/www.imdb.com\/title\/tt2357095\" target=\"_blank\" rel=\"noreferrer noopener\">\u00ab\u00a0<strong>GUANG<\/strong>\u00ab\u00a0<\/a><\/p>\n\n\n\n<p class=\"has-text-align-center\" style=\"font-size:12px\"><em><strong>&nbsp;<\/strong>300\u20ac offerts par la municipalit\u00e9 de Ch\u00e2teauneuf-les-Martigues<\/em><\/p>\n\n\n\n<hr class=\"wp-block-separator aligncenter has-text-color has-background has-vivid-cyan-blue-background-color has-vivid-cyan-blue-color is-style-default\"\/>\n\n\n\n<p class=\"has-text-align-center has-vivid-red-color has-text-color\"><strong><u>Prix des Coll\u00e9giens<\/u><\/strong><\/p>\n\n\n\n<p class=\"has-text-align-center\">d\u00e9cern\u00e9 \u00e0 Cl\u00e9ment <strong>GONZALEZ <\/strong>(France)<br>r\u00e9alisateur de<\/p>\n\n\n\n<p class=\"has-text-align-center has-vivid-purple-color has-text-color\"><a rel=\"noreferrer noopener\" href=\"https:\/\/www.imdb.com\/title\/tt3194994\" target=\"_blank\">\u00ab\u00a0<strong>AS IT USED TO BE<\/strong>\u00ab\u00a0<\/a><\/p>\n\n\n\n<div class=\"wp-block-image is-style-default\"><figure class=\"aligncenter\"><img decoding=\"async\" src=\"https:\/\/m.media-amazon.com\/images\/M\/MV5BZTc0YzM5YTktYzNlNS00OTVjLTgxNmItN2M3OWNlZjE4YTZlXkEyXkFqcGdeQXVyOTM2Njg5Mzg@._V1_UY268_CR3,0,182,268_AL_.jpg\" alt=\"https:\/\/m.media-amazon.com\/images\/M\/MV5BZTc0YzM5YTktYzNlNS00OTVjLTgxNmItN2M3OWNlZjE4YTZlXkEyXkFqcGdeQXVyOTM2Njg5Mzg@._V1_UY268_CR3,0,182,268_AL_.jpg\"\/><\/figure><\/div>\n\n\n\n<p class=\"has-text-align-center\" style=\"font-size:12px\"><em>300\u20ac offerts par la municipalit\u00e9 de Carry-le-Rouet<\/em><\/p>\n\n\n\n<hr class=\"wp-block-separator aligncenter has-text-color has-background has-vivid-cyan-blue-background-color has-vivid-cyan-blue-color is-style-default\"\/>\n\n\n\n<p class=\"has-text-align-center has-vivid-red-color has-text-color\"><strong><u>Mention Sp\u00e9ciale du Jury<\/u><\/strong><\/p>\n\n\n\n<p class=\"has-text-align-center\">d\u00e9cern\u00e9e \u00e0 Tancr\u00e8de <strong>DELVOLDE <\/strong>(France)<br>r\u00e9alisateur de<\/p>\n\n\n\n<p class=\"has-text-align-center has-vivid-purple-color has-text-color\"><a href=\"https:\/\/www.imdb.com\/title\/tt3062326\" target=\"_blank\" rel=\"noreferrer noopener\">\u00ab\u00a0<strong>SE TAIRE<\/strong>\u00ab\u00a0<\/a><\/p>\n\n\n\n<hr class=\"wp-block-separator aligncenter has-text-color has-background has-vivid-cyan-blue-background-color has-vivid-cyan-blue-color is-style-default\"\/>\n\n\n\n<p class=\"has-text-align-center has-vivid-red-color has-text-color\"><strong><u>Mention Sp\u00e9ciale du Jury &nbsp;<\/u><\/strong><\/p>\n\n\n\n<p class=\"has-text-align-center\">d\u00e9cern\u00e9e \u00e0 Jean-Baptiste <strong>BECQ <\/strong>(France)<br>r\u00e9alisateur de<\/p>\n\n\n\n<p class=\"has-text-align-center has-vivid-purple-color has-text-color\"><a href=\"https:\/\/www.allocine.fr\/film\/fichefilm_gen_cfilm=218551.html\" target=\"_blank\" rel=\"noreferrer noopener\">\u00ab\u00a0<strong>UNE VOITURE ROUGE<\/strong>\u00ab\u00a0<\/a><\/p>\n\n\n\n<div class=\"wp-block-image is-style-default\"><figure class=\"aligncenter is-resized\"><a href=\"https:\/\/www.allocine.fr\/film\/fichefilm_gen_cfilm=218551.html\" target=\"_blank\" rel=\"noopener\"><img loading=\"lazy\" decoding=\"async\" src=\"https:\/\/fr.web.img6.acsta.net\/c_310_420\/pictures\/14\/01\/23\/17\/23\/418202.jpg\" alt=\"https:\/\/fr.web.img6.acsta.net\/c_310_420\/pictures\/14\/01\/23\/17\/23\/418202.jpg\" width=\"148\" height=\"200\"\/><\/a><\/figure><\/div>\n\n\n\n<hr class=\"wp-block-separator aligncenter has-text-color has-background has-vivid-cyan-blue-background-color has-vivid-cyan-blue-color is-style-default\"\/>\n\n\n\n<p class=\"has-text-align-center has-vivid-red-color has-text-color\"><strong><u>Mention Sp\u00e9ciale &nbsp;du Jury Jeune<\/u><\/strong><\/p>\n\n\n\n<p class=\"has-text-align-center\">d\u00e9cern\u00e9e \u00e0 Deyan <strong>BARAREV <\/strong>(Bulgarie)<br>r\u00e9alisateur de<\/p>\n\n\n\n<p class=\"has-text-align-center has-vivid-purple-color has-text-color\"><a href=\"https:\/\/www.imdb.com\/title\/tt2427080\" target=\"_blank\" rel=\"noreferrer noopener\">\u00ab\u00a0<strong>BOTEV E IDIOT<\/strong>\u00ab\u00a0<\/a><\/p>\n\n\n\n<div class=\"wp-block-image is-style-default\"><figure class=\"aligncenter\"><a href=\"https:\/\/www.imdb.com\/title\/tt2427080\" target=\"_blank\" rel=\"noopener\"><img decoding=\"async\" src=\"https:\/\/m.media-amazon.com\/images\/M\/MV5BZmU0MTViZjEtMDNhZC00MDFlLTlmMjAtZjJkNWI0NTY0NWE4XkEyXkFqcGdeQXVyNTIxOTE3OA@@._V1_UY268_CR4,0,182,268_AL_.jpg\" alt=\"https:\/\/m.media-amazon.com\/images\/M\/MV5BZmU0MTViZjEtMDNhZC00MDFlLTlmMjAtZjJkNWI0NTY0NWE4XkEyXkFqcGdeQXVyNTIxOTE3OA@@._V1_UY268_CR4,0,182,268_AL_.jpg\"\/><\/a><\/figure><\/div>\n\n\n\n<hr class=\"wp-block-separator aligncenter has-text-color has-background has-vivid-cyan-blue-background-color has-vivid-cyan-blue-color is-style-default\"\/>\n\n\n\n<h2 class=\"has-text-align-center has-vivid-cyan-blue-color has-text-color wp-block-heading\"><strong><u>PALMARES 2013 du film d&rsquo;animation<\/u><\/strong><\/h2>\n\n\n\n<p class=\"has-text-align-center has-vivid-red-color has-text-color\"><strong><u>OURSIN D&rsquo;OR 2013<\/u><\/strong><\/p>\n\n\n\n<p class=\"has-text-align-center\">d\u00e9cern\u00e9 \u00e0 Dina <strong>VELIKOVSKAYA <\/strong>(Russie)<br>r\u00e9alisatrice de<\/p>\n\n\n\n<p class=\"has-text-align-center has-vivid-purple-color has-text-color\"><a href=\"https:\/\/www.imdb.com\/title\/tt2846148\/\" target=\"_blank\" rel=\"noreferrer noopener\">\u00ab\u00a0<strong>MY STRANGE GRAND FATHER<\/strong>\u00ab\u00a0<\/a><\/p>\n\n\n\n<div class=\"wp-block-image is-style-default\"><figure class=\"aligncenter\"><a href=\"https:\/\/www.imdb.com\/title\/tt2846148\/\" target=\"_blank\" rel=\"noopener\"><img decoding=\"async\" src=\"https:\/\/m.media-amazon.com\/images\/M\/MV5BMmQ0NzdkODQtMGRlOC00NGFkLTk0MDItYTQzMjcwNjc0ZWRlXkEyXkFqcGdeQXVyNDIyMDQzNjA@._V1_UY268_CR147,0,182,268_AL_.jpg\" alt=\"My Strange Grandfather Poster\" title=\"My Strange Grandfather Poster\"\/><\/a><\/figure><\/div>\n\n\n\n<p class=\"has-text-align-center\" style=\"font-size:12px\"><em>&nbsp;800\u20ac offerts par la municipalit\u00e9 de Ch\u00e2teauneuf-les-Martigues<\/em><\/p>\n\n\n\n<hr class=\"wp-block-separator aligncenter has-text-color has-background has-vivid-cyan-blue-background-color has-vivid-cyan-blue-color is-style-default\"\/>\n\n\n\n<p class=\"has-text-align-center has-vivid-red-color has-text-color\"><strong><u>PRIX des Jurys<\/u><\/strong><\/p>\n\n\n\n<p class=\"has-text-align-center\">d\u00e9cern\u00e9 \u00e0 Pierre-Emmanuel <strong>LYET <\/strong>(France)<br>r\u00e9alisateur de<\/p>\n\n\n\n<p class=\"has-text-align-center has-vivid-purple-color has-text-color\">\u00ab\u00a0<a href=\"https:\/\/www.allocine.fr\/film\/fichefilm_gen_cfilm=236637.html\" target=\"_blank\" rel=\"noreferrer noopener\"><strong>LA NUIT AM\u00c9RICAINE D\u2019ANG\u00c9LIQUE<\/strong>\u00ab\u00a0<\/a><\/p>\n\n\n\n<div class=\"wp-block-image is-style-default\"><figure class=\"aligncenter\"><a href=\"https:\/\/www.allocine.fr\/film\/fichefilm_gen_cfilm=236637.html\" target=\"_blank\" rel=\"noopener\"><img decoding=\"async\" src=\"https:\/\/m.media-amazon.com\/images\/M\/MV5BNDhiZjJlNzMtZWFjMi00ZjU1LTkwODktMjU4YmQ5ZDdmZDkyXkEyXkFqcGdeQXVyMjA0NzcwMjI@._V1_UY268_CR7,0,182,268_AL_.jpg\" alt=\"https:\/\/m.media-amazon.com\/images\/M\/MV5BNDhiZjJlNzMtZWFjMi00ZjU1LTkwODktMjU4YmQ5ZDdmZDkyXkEyXkFqcGdeQXVyMjA0NzcwMjI@._V1_UY268_CR7,0,182,268_AL_.jpg\"\/><\/a><\/figure><\/div>\n\n\n\n<p class=\"has-text-align-center\" style=\"font-size:12px\"><em>300\u20ac offerts par la municipalit\u00e9 Sausset-les-Pins<\/em><\/p>\n\n\n\n<hr class=\"wp-block-separator aligncenter has-text-color has-background has-vivid-cyan-blue-background-color has-vivid-cyan-blue-color is-style-default\"\/>\n\n\n\n<p class=\"has-text-align-center has-vivid-red-color has-text-color\"><strong><u>MENTION SP\u00c9CIALE des Jurys<\/u><\/strong><\/p>\n\n\n\n<p class=\"has-text-align-center\">d\u00e9cern\u00e9e \u00e0 C\u00e9line <strong>DEVAUX <\/strong>(France)<br>r\u00e9alisatrice de<\/p>\n\n\n\n<p class=\"has-text-align-center has-vivid-purple-color has-text-color\"><a href=\"https:\/\/www.allocine.fr\/film\/fichefilm_gen_cfilm=216414.html\" target=\"_blank\" rel=\"noreferrer noopener\">\u00ab\u00a0<strong>VIE ET MORT DE L\u2019ILLUSTRE<\/strong><br><strong>GRIGORI EFIMOVITCH RASPOUTINE<\/strong>\u00ab\u00a0<\/a><\/p>\n\n\n\n<hr class=\"wp-block-separator aligncenter has-text-color has-background has-vivid-cyan-blue-background-color has-vivid-cyan-blue-color is-style-default\"\/>\n\n\n\n<p class=\"has-text-align-center has-vivid-red-color has-text-color\"><strong><u>MENTION SPECIALE des Jurys<\/u><\/strong><\/p>\n\n\n\n<p class=\"has-text-align-center\">d\u00e9cern\u00e9e \u00e0 Julien <strong>SEZE <\/strong>(France)<br>r\u00e9alisateur de<\/p>\n\n\n\n<p class=\"has-text-align-center has-vivid-purple-color has-text-color\"><a href=\"https:\/\/www.imdb.com\/title\/tt2360174\" target=\"_blank\" rel=\"noreferrer noopener\">\u00ab\u00a0<strong>THE OLD SANTIAGO AND THE SEA\u00a0\u00bb<\/strong><\/a><\/p>\n\n\n\n<div class=\"wp-block-image is-style-default\"><figure class=\"aligncenter\"><a href=\"https:\/\/www.imdb.com\/title\/tt2360174\" target=\"_blank\" rel=\"noopener\"><img decoding=\"async\" src=\"https:\/\/m.media-amazon.com\/images\/M\/MV5BMzUxNjYzMzQtZGU0Yy00OGY1LTg0NWEtYWE5YTE3MjNmMDg1XkEyXkFqcGdeQXVyMTAyOTA5NzY0._V1_UX182_CR0,0,182,268_AL_.jpg\" alt=\"https:\/\/m.media-amazon.com\/images\/M\/MV5BMzUxNjYzMzQtZGU0Yy00OGY1LTg0NWEtYWE5YTE3MjNmMDg1XkEyXkFqcGdeQXVyMTAyOTA5NzY0._V1_UX182_CR0,0,182,268_AL_.jpg\"\/><\/a><\/figure><\/div>\n","protected":false},"excerpt":{"rendered":"<p>OURSIN D&rsquo;OR 2013 d\u00e9cern\u00e9 \u00e0 David LORENZ (Allemagne)r\u00e9alisateur de \u00ab\u00a0IN THE NICK OF TIME\u00ab\u00a0 &nbsp; &nbsp;&nbsp;&nbsp;&nbsp;&nbsp;1000\u20ac offerts par la municipalit\u00e9<\/p>\n","protected":false},"author":1,"featured_media":0,"parent":0,"menu_order":0,"comment_status":"closed","ping_status":"closed","template":"","meta":{"colormag_page_container_layout":"default_layout","colormag_page_sidebar_layout":"default_layout","footnotes":""},"class_list":["post-309","page","type-page","status-publish","hentry"],"_links":{"self":[{"href":"https:\/\/www.festi-courts-cote-bleue.fr\/index.php?rest_route=\/wp\/v2\/pages\/309","targetHints":{"allow":["GET"]}}],"collection":[{"href":"https:\/\/www.festi-courts-cote-bleue.fr\/index.php?rest_route=\/wp\/v2\/pages"}],"about":[{"href":"https:\/\/www.festi-courts-cote-bleue.fr\/index.php?rest_route=\/wp\/v2\/types\/page"}],"author":[{"embeddable":true,"href":"https:\/\/www.festi-courts-cote-bleue.fr\/index.php?rest_route=\/wp\/v2\/users\/1"}],"replies":[{"embeddable":true,"href":"https:\/\/www.festi-courts-cote-bleue.fr\/index.php?rest_route=%2Fwp%2Fv2%2Fcomments&post=309"}],"version-history":[{"count":24,"href":"https:\/\/www.festi-courts-cote-bleue.fr\/index.php?rest_route=\/wp\/v2\/pages\/309\/revisions"}],"predecessor-version":[{"id":333,"href":"https:\/\/www.festi-courts-cote-bleue.fr\/index.php?rest_route=\/wp\/v2\/pages\/309\/revisions\/333"}],"wp:attachment":[{"href":"https:\/\/www.festi-courts-cote-bleue.fr\/index.php?rest_route=%2Fwp%2Fv2%2Fmedia&parent=309"}],"curies":[{"name":"wp","href":"https:\/\/api.w.org\/{rel}","templated":true}]}}