{"id":438,"date":"2021-04-27T20:30:31","date_gmt":"2021-04-27T20:30:31","guid":{"rendered":"https:\/\/www.festi-courts-cote-bleue.fr\/?page_id=438"},"modified":"2021-04-27T20:30:31","modified_gmt":"2021-04-27T20:30:31","slug":"palmares-2019-du-film-de-fiction","status":"publish","type":"page","link":"https:\/\/www.festi-courts-cote-bleue.fr\/?page_id=438","title":{"rendered":"Palmar\u00e8s 2019 du film de fiction"},"content":{"rendered":"\n<p class=\"has-text-align-center has-vivid-red-color has-text-color\"><strong><u>OURSIN D&rsquo;OR 2019<\/u><\/strong><\/p>\n\n\n\n<p class=\"has-text-align-center\">d\u00e9cern\u00e9 \u00e0 Zoel <strong>AESCHBACHER  <\/strong>(France\/Suisse)<br>r\u00e9alisateur de <\/p>\n\n\n\n<p class=\"has-text-align-center has-vivid-purple-color has-text-color\"><a href=\"https:\/\/www.imdb.com\/title\/tt7920696\/\" target=\"_blank\" rel=\"noreferrer noopener\">\u00ab\u00a0<strong>Bonobo<\/strong>\u00ab\u00a0<\/a><\/p>\n\n\n\n<div class=\"wp-block-image is-style-default\"><figure class=\"aligncenter\"><a href=\"https:\/\/www.imdb.com\/title\/tt7920696\/\" target=\"_blank\" rel=\"noopener\"><img decoding=\"async\" src=\"https:\/\/m.media-amazon.com\/images\/M\/MV5BNTg5Nzg1YmItZmQwZi00YTllLTgxZjctYmJjNDQwYjI5ODYzXkEyXkFqcGdeQXVyMzc0Njg0NzM@._V1_UY268_CR3,0,182,268_AL_.jpg\" alt=\"Bonobo Poster\" title=\"Bonobo Poster\"\/><\/a><\/figure><\/div>\n\n\n\n<p class=\"has-text-align-center\" style=\"font-size:12px\"><em>Offert par la municipalit\u00e9 de Carry-le-Rouet<\/em><\/p>\n\n\n\n<hr class=\"wp-block-separator aligncenter has-text-color has-background has-vivid-cyan-blue-background-color has-vivid-cyan-blue-color is-style-default\"\/>\n\n\n\n<p class=\"has-text-align-center has-vivid-red-color has-text-color\"><strong><u>Prix du Jury<\/u><\/strong><\/p>\n\n\n\n<p class=\"has-text-align-center\">\u00a0\u00a0\u00a0\u00a0\u00a0\u00a0 d\u00e9cern\u00e9 \u00e0 Joan <strong>PAULS<\/strong> (Espagne)<br>\u00a0r\u00e9alisateur de <\/p>\n\n\n\n<p class=\"has-text-align-center has-vivid-purple-color has-text-color\"><a rel=\"noreferrer noopener\" href=\"https:\/\/www.imdb.com\/title\/tt5777660\/\" target=\"_blank\">\u00ab\u00a0<\/a><strong><a href=\"https:\/\/joanpauls.com\/portfolio\/wounds\/\" target=\"_blank\" rel=\"noreferrer noopener\">Wounds<\/a><\/strong><a rel=\"noreferrer noopener\" href=\"https:\/\/www.imdb.com\/title\/tt5777660\/\" target=\"_blank\">\u00ab\u00a0<\/a><\/p>\n\n\n\n<p class=\"has-text-align-center\" style=\"font-size:12px\"><em>Offert par l&rsquo;association<\/em><\/p>\n\n\n\n<hr class=\"wp-block-separator aligncenter has-text-color has-background has-vivid-cyan-blue-background-color has-vivid-cyan-blue-color is-style-default\"\/>\n\n\n\n<p class=\"has-text-align-center has-vivid-red-color has-text-color\"><strong><u>Prix du Jury Jeune<\/u><\/strong><\/p>\n\n\n\n<p class=\"has-text-align-center\">d\u00e9cern\u00e9 \u00e0 Mohammad <strong>SHAIKHOW<\/strong> (France\/Syrie)<br>r\u00e9alisateur de<\/p>\n\n\n\n<p class=\"has-text-align-center has-vivid-purple-color has-text-color\"><a rel=\"noreferrer noopener\" href=\"https:\/\/www.imdb.com\/title\/tt2853712\/\" target=\"_blank\">\u00ab\u00a0<\/a><strong><a href=\"https:\/\/www.unifrance.org\/film\/49878\/hevi\" target=\"_blank\" rel=\"noreferrer noopener\">Hevi<\/a><\/strong><a rel=\"noreferrer noopener\" href=\"https:\/\/www.imdb.com\/title\/tt2853712\/\" target=\"_blank\">\u00ab\u00a0<\/a><\/p>\n\n\n\n<p class=\"has-text-align-center\" style=\"font-size:12px\"><em>Offert par le Rotary Club de la C\u00f4te Bleue <\/em><\/p>\n\n\n\n<hr class=\"wp-block-separator aligncenter has-text-color has-background has-vivid-cyan-blue-background-color has-vivid-cyan-blue-color is-style-default\"\/>\n\n\n\n<p class=\"has-text-align-center has-vivid-red-color has-text-color\"><strong><u>Prix de l&rsquo;Avenir<\/u><\/strong><\/p>\n\n\n\n<p class=\"has-text-align-center\">d\u00e9cern\u00e9 \u00e0 L\u00e9opold <strong>LEGRAND<\/strong> (France)<br>r\u00e9alisateur de<\/p>\n\n\n\n<p class=\"has-text-align-center has-vivid-purple-color has-text-color\"><a rel=\"noreferrer noopener\" href=\"https:\/\/www.imdb.com\/title\/tt2917262\/\" target=\"_blank\">\u00ab\u00a0<\/a><strong><a href=\"https:\/\/www.imdb.com\/title\/tt7688042\/\" target=\"_blank\" rel=\"noreferrer noopener\">Mort aux codes<\/a><\/strong><a rel=\"noreferrer noopener\" href=\"https:\/\/www.imdb.com\/title\/tt2917262\/\" target=\"_blank\">\u00ab\u00a0<\/a><\/p>\n\n\n\n<div class=\"wp-block-image is-style-default\"><figure class=\"aligncenter\"><a href=\"https:\/\/www.imdb.com\/title\/tt7688042\/\" target=\"_blank\" rel=\"noopener\"><img decoding=\"async\" src=\"https:\/\/m.media-amazon.com\/images\/M\/MV5BNDQ3ZDg3YTgtZDEzNy00ZWZlLTk3MTctMWE3OWUwOWNkYjQ3XkEyXkFqcGdeQXVyMTY1ODg4MTA@._V1_UX182_CR0,0,182,268_AL_.jpg\" alt=\"Mort aux codes Poster\" title=\"Mort aux codes Poster\"\/><\/a><\/figure><\/div>\n\n\n\n<p class=\"has-text-align-center\" style=\"font-size:12px\"><em>Offert par le Lions Club de la C\u00f4te Bleue<\/em><\/p>\n\n\n\n<hr class=\"wp-block-separator aligncenter has-text-color has-background has-vivid-cyan-blue-background-color has-vivid-cyan-blue-color is-style-default\"\/>\n\n\n\n<p class=\"has-text-align-center has-vivid-red-color has-text-color\"><strong><u>Prix du Vote du Public<\/u><\/strong><\/p>\n\n\n\n<p class=\"has-text-align-center\">d\u00e9cern\u00e9 \u00e0 Val\u00e9ry <strong>CARNOY<\/strong> (Belgique)<br>r\u00e9alisatrice de<\/p>\n\n\n\n<p class=\"has-text-align-center has-vivid-purple-color has-text-color\">\u00ab\u00a0<strong><a href=\"https:\/\/www.imdb.com\/title\/tt8660312\/\" target=\"_blank\" rel=\"noreferrer noopener\">Ma Plan\u00e8te<\/a><\/strong>\u00ab\u00a0<\/p>\n\n\n\n<div class=\"wp-block-image is-style-default\"><figure class=\"aligncenter\"><a href=\"https:\/\/www.imdb.com\/title\/tt8660312\/\" target=\"_blank\" rel=\"noopener\"><img decoding=\"async\" src=\"https:\/\/m.media-amazon.com\/images\/M\/MV5BZTkxZWI5NjktNmRhZi00NzYzLTg5MDEtMzRmN2U5Yjc3NjllXkEyXkFqcGdeQXVyODY1NDA4MTU@._V1_UY268_CR3,0,182,268_AL_.jpg\" alt=\"Ma plan\u00e8te Poster\" title=\"Ma plan\u00e8te Poster\"\/><\/a><\/figure><\/div>\n\n\n\n<p class=\"has-text-align-center\" style=\"font-size:12px\"><em>Offert par l&rsquo;association<\/em><\/p>\n\n\n\n<hr class=\"wp-block-separator aligncenter has-text-color has-background has-vivid-cyan-blue-background-color has-vivid-cyan-blue-color is-style-default\"\/>\n\n\n\n<p class=\"has-text-align-center has-vivid-red-color has-text-color\"><strong><u>Prix des Lyc\u00e9ens<\/u><\/strong><\/p>\n\n\n\n<p class=\"has-text-align-center\">d\u00e9cern\u00e9 \u00e0 Mariane <strong>SCHMADEL<\/strong> (France)<br>r\u00e9alisatrice de<\/p>\n\n\n\n<p class=\"has-text-align-center has-vivid-purple-color has-text-color\">\u00ab\u00a0<strong><a href=\"https:\/\/www.imdb.com\/title\/tt8292532\/\" target=\"_blank\" rel=\"noreferrer noopener\">Les filles sages ne conduisent pas la nuit<\/a><\/strong>\u00ab\u00a0<\/p>\n\n\n\n<div class=\"wp-block-image is-style-default\"><figure class=\"aligncenter\"><a href=\"https:\/\/www.imdb.com\/title\/tt8292532\/\" target=\"_blank\" rel=\"noopener\"><img decoding=\"async\" src=\"https:\/\/m.media-amazon.com\/images\/M\/MV5BNTZjZWZkOGYtNTg1Zi00YzJlLWFlMjEtZTcyMTI4OTM5NTU4XkEyXkFqcGdeQXVyNjA5NDA5MTI@._V1_UY268_CR9,0,182,268_AL_.jpg\" alt=\"Les filles sages ne conduisent pas la nuit Poster\" title=\"Les filles sages ne conduisent pas la nuit Poster\"\/><\/a><\/figure><\/div>\n\n\n\n<p class=\"has-text-align-center\" style=\"font-size:12px\"><em>Offert par l&rsquo;association<\/em><\/p>\n\n\n\n<hr class=\"wp-block-separator aligncenter has-text-color has-background has-vivid-cyan-blue-background-color has-vivid-cyan-blue-color is-style-default\"\/>\n\n\n\n<p class=\"has-text-align-center has-vivid-red-color has-text-color\"><strong><u>Prix des Lyc\u00e9ens<\/u><\/strong><\/p>\n\n\n\n<p class=\"has-text-align-center\">d\u00e9cern\u00e9 \u00e0 B\u00e9rang\u00e8re <strong>MC NEESE<\/strong> (France)<br>r\u00e9alisatrice de<\/p>\n\n\n\n<p class=\"has-text-align-center has-vivid-purple-color has-text-color\">\u00ab\u00a0<strong><a href=\"https:\/\/www.imdb.com\/title\/tt8752014\/\" target=\"_blank\" rel=\"noreferrer noopener\">Matriochkas<\/a><\/strong>\u00ab\u00a0<\/p>\n\n\n\n<div class=\"wp-block-image is-style-default\"><figure class=\"aligncenter\"><a href=\"https:\/\/www.imdb.com\/title\/tt8752014\/\" target=\"_blank\" rel=\"noopener\"><img decoding=\"async\" src=\"https:\/\/m.media-amazon.com\/images\/M\/MV5BMDRlNzlhN2QtNzUwMC00N2IzLTk2NjYtNjhiN2U3ZDVkNDE5XkEyXkFqcGdeQXVyNDM1MjAyOTM@._V1_UY268_CR4,0,182,268_AL_.jpg\" alt=\"Matriochkas Poster\" title=\"Matriochkas Poster\"\/><\/a><\/figure><\/div>\n\n\n\n<p class=\"has-text-align-center\" style=\"font-size:12px\"><em>Offert par les institutionnels<\/em><\/p>\n\n\n\n<hr class=\"wp-block-separator aligncenter has-text-color has-background has-vivid-cyan-blue-background-color has-vivid-cyan-blue-color is-style-default\"\/>\n\n\n\n<p class=\"has-text-align-center has-vivid-red-color has-text-color\"><strong><u>Prix des Coll\u00e9giens<\/u><\/strong><\/p>\n\n\n\n<p class=\"has-text-align-center\">d\u00e9cern\u00e9 \u00e0 Ga\u00ebl <strong>GOMEZ<\/strong> (France)<br>r\u00e9alisateur de<\/p>\n\n\n\n<p class=\"has-text-align-center has-vivid-purple-color has-text-color\"><a rel=\"noreferrer noopener\" href=\"https:\/\/www.imdb.com\/title\/tt4399564\/\" target=\"_blank\">\u00ab\u00a0<\/a><strong>Le Coach<\/strong><a rel=\"noreferrer noopener\" href=\"https:\/\/www.imdb.com\/title\/tt4399564\/\" target=\"_blank\">\u00ab\u00a0<\/a><\/p>\n\n\n\n<p class=\"has-text-align-center\" style=\"font-size:12px\"><em>Offert par la municipalit\u00e9 de Sausset les Pins<\/em><\/p>\n\n\n\n<hr class=\"wp-block-separator aligncenter has-text-color has-background has-vivid-cyan-blue-background-color has-vivid-cyan-blue-color is-style-default\"\/>\n\n\n\n<p class=\"has-text-align-center has-vivid-red-color has-text-color\"><strong><u>Mention Sp\u00e9ciale du Jury<\/u><\/strong><\/p>\n\n\n\n<p class=\"has-text-align-center\">d\u00e9cern\u00e9e \u00e0 Gaston <strong>AMAT<\/strong> (Argentine)<br>r\u00e9alisateur de<\/p>\n\n\n\n<p class=\"has-text-align-center has-vivid-purple-color has-text-color\">\u00ab\u00a0<strong>Diferente<\/strong>\u00ab\u00a0<\/p>\n\n\n\n<hr class=\"wp-block-separator aligncenter has-text-color has-background has-vivid-cyan-blue-background-color has-vivid-cyan-blue-color is-style-default\"\/>\n\n\n\n<p class=\"has-text-align-center has-vivid-red-color has-text-color\"><strong><u>Mention Sp\u00e9ciale du Jury &nbsp;<\/u><\/strong><\/p>\n\n\n\n<p class=\"has-text-align-center\">d\u00e9cern\u00e9e \u00e0 Alireza <strong>GHASEMI<\/strong> (Iran)<br>r\u00e9alisatrice de<\/p>\n\n\n\n<p class=\"has-text-align-center has-vivid-purple-color has-text-color\"><a rel=\"noreferrer noopener\" href=\"https:\/\/www.allocine.fr\/film\/fichefilm_gen_cfilm=218551.html\" target=\"_blank\">\u00ab\u00a0<\/a><strong><a href=\"https:\/\/www.imdb.com\/title\/tt6645418\/\" target=\"_blank\" rel=\"noreferrer noopener\">Lunch Time<\/a><\/strong><a rel=\"noreferrer noopener\" href=\"https:\/\/www.allocine.fr\/film\/fichefilm_gen_cfilm=218551.html\" target=\"_blank\">\u00ab\u00a0<\/a><\/p>\n\n\n\n<div class=\"wp-block-image is-style-default\"><figure class=\"aligncenter\"><a href=\"https:\/\/www.imdb.com\/title\/tt6645418\/\" target=\"_blank\" rel=\"noopener\"><img decoding=\"async\" src=\"https:\/\/m.media-amazon.com\/images\/M\/MV5BMzZiYmMzNGMtMThiZS00Mjg1LThmMzUtM2U1NTMzMmE1MDQ3XkEyXkFqcGdeQXVyMzI2MTIzNDM@._V1_UY268_CR3,0,182,268_AL_.jpg\" alt=\"Lunch Time Poster\" title=\"Lunch Time Poster\"\/><\/a><\/figure><\/div>\n\n\n\n<hr class=\"wp-block-separator aligncenter has-text-color has-background has-vivid-cyan-blue-background-color has-vivid-cyan-blue-color is-style-default\"\/>\n\n\n\n<p class=\"has-text-align-center has-vivid-red-color has-text-color\"><strong><u>Mention Sp\u00e9ciale du Jury \u00a0<\/u><\/strong><\/p>\n\n\n\n<p class=\"has-text-align-center\">d\u00e9cern\u00e9e \u00e0 Lou <strong>DUBIGEON<\/strong> (Etats-Unis)<br>r\u00e9alisateur de<\/p>\n\n\n\n<p class=\"has-text-align-center has-vivid-purple-color has-text-color\"><a rel=\"noreferrer noopener\" href=\"https:\/\/www.allocine.fr\/film\/fichefilm_gen_cfilm=218551.html\" target=\"_blank\">\u00ab\u00a0<\/a><strong><a href=\"https:\/\/www.imdb.com\/title\/tt10274652\/\" target=\"_blank\" rel=\"noreferrer noopener\">Retour \u00e0 l&rsquo;envoyeur<\/a><\/strong><a rel=\"noreferrer noopener\" href=\"https:\/\/www.allocine.fr\/film\/fichefilm_gen_cfilm=218551.html\" target=\"_blank\">\u00ab\u00a0<\/a><\/p>\n\n\n\n<div class=\"wp-block-image is-style-default\"><figure class=\"aligncenter\"><a href=\"https:\/\/www.imdb.com\/title\/tt10274652\/\" target=\"_blank\" rel=\"noopener\"><img decoding=\"async\" src=\"https:\/\/m.media-amazon.com\/images\/M\/MV5BMTE0OTY4MDMtNjNkNS00MDUyLThlMWMtY2EyZjllY2RjYTdhXkEyXkFqcGdeQXVyODUwMzcyNzA@._V1_UY268_CR10,0,182,268_AL_.jpg\" alt=\"Return To Sender Poster\" title=\"Return To Sender Poster\"\/><\/a><\/figure><\/div>\n\n\n\n<hr class=\"wp-block-separator aligncenter has-text-color has-background has-vivid-cyan-blue-background-color has-vivid-cyan-blue-color is-style-default\"\/>\n\n\n\n<p class=\"has-text-align-center has-vivid-red-color has-text-color\"><strong><u>Mention Sp\u00e9ciale &nbsp;du Jury Jeune<\/u><\/strong><\/p>\n\n\n\n<p class=\"has-text-align-center\">d\u00e9cern\u00e9e \u00e0 Yagawa <strong>KENGO<\/strong> (Japon)<br>r\u00e9alisateur de<\/p>\n\n\n\n<p class=\"has-text-align-center has-vivid-purple-color has-text-color\">\u00ab\u00a0<strong>Digger<\/strong>\u00ab\u00a0<\/p>\n\n\n\n<hr class=\"wp-block-separator aligncenter has-text-color has-background has-vivid-cyan-blue-background-color has-vivid-cyan-blue-color is-style-default\"\/>\n\n\n\n<h2 class=\"has-text-align-center has-vivid-cyan-blue-color has-text-color wp-block-heading\"><strong><u>PALMARES 2019 du film d&rsquo;animation<\/u><\/strong><\/h2>\n\n\n\n<p class=\"has-text-align-center has-vivid-red-color has-text-color\"><strong><u>OURSIN D&rsquo;OR 2019<\/u><\/strong><\/p>\n\n\n\n<p class=\"has-text-align-center\">d\u00e9cern\u00e9 \u00e0 Max <strong>PORTER <\/strong>&amp; Ru <strong>KUWAHATA <\/strong>(France)<br>r\u00e9alisateurs de<\/p>\n\n\n\n<p class=\"has-text-align-center has-vivid-purple-color has-text-color\"><a rel=\"noreferrer noopener\" href=\"https:\/\/www.imdb.com\/title\/tt5190294\/\" target=\"_blank\">\u00ab\u00a0<\/a><strong><a href=\"https:\/\/www.imdb.com\/title\/tt7090150\/\" target=\"_blank\" rel=\"noreferrer noopener\">Negative Space<\/a><\/strong><a rel=\"noreferrer noopener\" href=\"https:\/\/www.imdb.com\/title\/tt5190294\/\" target=\"_blank\">\u00ab\u00a0<\/a><\/p>\n\n\n\n<div class=\"wp-block-image is-style-default\"><figure class=\"aligncenter\"><a href=\"https:\/\/www.imdb.com\/title\/tt7090150\/\" target=\"_blank\" rel=\"noopener\"><img decoding=\"async\" src=\"https:\/\/m.media-amazon.com\/images\/M\/MV5BMjk0OWNjYzUtZTU5OC00ZWI1LTlhZWEtZDZlYmJmOTkzYzM1XkEyXkFqcGdeQXVyNDE5MTU2MDE@._V1_UY268_CR1,0,182,268_AL_.jpg\" alt=\"Negative Space Poster\" title=\"Negative Space Poster\"\/><\/a><\/figure><\/div>\n\n\n\n<p class=\"has-text-align-center\" style=\"font-size:12px\"><em>Offert par la municipalit\u00e9 du Rove<\/em><\/p>\n\n\n\n<hr class=\"wp-block-separator aligncenter has-text-color has-background has-vivid-cyan-blue-background-color has-vivid-cyan-blue-color is-style-default\"\/>\n\n\n\n<p class=\"has-text-align-center has-vivid-red-color has-text-color\"><strong><u>PRIX des Jurys<\/u><\/strong><\/p>\n\n\n\n<p class=\"has-text-align-center\">d\u00e9cern\u00e9 \u00e0 Mohamad <strong>HOUHOU<\/strong> (France)<br>r\u00e9alisateur de<\/p>\n\n\n\n<p class=\"has-text-align-center has-vivid-purple-color has-text-color\">\u00ab\u00a0<strong><a href=\"https:\/\/www.imdb.com\/title\/tt10095268\/\" target=\"_blank\" rel=\"noreferrer noopener\">The Ostrich Politic<\/a><\/strong><a rel=\"noreferrer noopener\" href=\"https:\/\/www.imdb.com\/title\/tt7057890\/\" target=\"_blank\">\u00ab\u00a0<\/a><\/p>\n\n\n\n<div class=\"wp-block-image is-style-default\"><figure class=\"aligncenter\"><a href=\"https:\/\/www.imdb.com\/title\/tt10095268\/\" target=\"_blank\" rel=\"noopener\"><img decoding=\"async\" src=\"https:\/\/m.media-amazon.com\/images\/M\/MV5BZWFmMzljMmItYmU1Zi00YTdkLWJkYWEtYWJiMTg5MTRmNTAyXkEyXkFqcGdeQXVyMzc0Njg0NzM@._V1_UY268_CR1,0,182,268_AL_.jpg\" alt=\"La politique de l'autruche Poster\" title=\"La politique de l'autruche Poster\"\/><\/a><\/figure><\/div>\n\n\n\n<p class=\"has-text-align-center\" style=\"font-size:12px\"><em>Offert par la municipalit\u00e9 de Carry Le Rouet<\/em><\/p>\n\n\n\n<hr class=\"wp-block-separator aligncenter has-text-color has-background has-vivid-cyan-blue-background-color has-vivid-cyan-blue-color is-style-default\"\/>\n\n\n\n<p class=\"has-text-align-center has-vivid-red-color has-text-color\"><strong><u>MENTION SP\u00c9CIALE des Jurys<\/u><\/strong><\/p>\n\n\n\n<p class=\"has-text-align-center\">d\u00e9cern\u00e9e \u00e0 Lukas <strong>VON BERG<\/strong> (Allemagne)<br>r\u00e9alisateur de<\/p>\n\n\n\n<p class=\"has-text-align-center has-vivid-purple-color has-text-color\"><a rel=\"noreferrer noopener\" href=\"https:\/\/www.allocine.fr\/film\/fichefilm_gen_cfilm=216414.html\" target=\"_blank\">\u00ab\u00a0<\/a><strong><a href=\"https:\/\/www.imdb.com\/title\/tt7703164\/\" target=\"_blank\" rel=\"noreferrer noopener\">L&rsquo;Aria del Moscerino<\/a><\/strong><a rel=\"noreferrer noopener\" href=\"https:\/\/www.allocine.fr\/film\/fichefilm_gen_cfilm=216414.html\" target=\"_blank\">\u00ab\u00a0<\/a><\/p>\n\n\n\n<div class=\"wp-block-image is-style-default\"><figure class=\"aligncenter\"><a href=\"https:\/\/www.imdb.com\/title\/tt7703164\/\" target=\"_blank\" rel=\"noopener\"><img decoding=\"async\" src=\"https:\/\/m.media-amazon.com\/images\/M\/MV5BM2JmYWJhZjctMjM5NS00ZDlmLTlkNzYtODU1NWIwNmJiZWY5XkEyXkFqcGdeQXVyNzgwNDYzNjY@._V1_UY268_CR4,0,182,268_AL_.jpg\" alt=\"L'Aria del Moscerino Poster\" title=\"L'Aria del Moscerino Poster\"\/><\/a><\/figure><\/div>\n","protected":false},"excerpt":{"rendered":"<p>OURSIN D&rsquo;OR 2019 d\u00e9cern\u00e9 \u00e0 Zoel AESCHBACHER (France\/Suisse)r\u00e9alisateur de \u00ab\u00a0Bonobo\u00ab\u00a0 Offert par la municipalit\u00e9 de Carry-le-Rouet Prix du Jury \u00a0\u00a0\u00a0\u00a0\u00a0\u00a0<\/p>\n","protected":false},"author":1,"featured_media":0,"parent":0,"menu_order":0,"comment_status":"closed","ping_status":"closed","template":"","meta":{"colormag_page_container_layout":"default_layout","colormag_page_sidebar_layout":"default_layout","footnotes":""},"class_list":["post-438","page","type-page","status-publish","hentry"],"_links":{"self":[{"href":"https:\/\/www.festi-courts-cote-bleue.fr\/index.php?rest_route=\/wp\/v2\/pages\/438","targetHints":{"allow":["GET"]}}],"collection":[{"href":"https:\/\/www.festi-courts-cote-bleue.fr\/index.php?rest_route=\/wp\/v2\/pages"}],"about":[{"href":"https:\/\/www.festi-courts-cote-bleue.fr\/index.php?rest_route=\/wp\/v2\/types\/page"}],"author":[{"embeddable":true,"href":"https:\/\/www.festi-courts-cote-bleue.fr\/index.php?rest_route=\/wp\/v2\/users\/1"}],"replies":[{"embeddable":true,"href":"https:\/\/www.festi-courts-cote-bleue.fr\/index.php?rest_route=%2Fwp%2Fv2%2Fcomments&post=438"}],"version-history":[{"count":22,"href":"https:\/\/www.festi-courts-cote-bleue.fr\/index.php?rest_route=\/wp\/v2\/pages\/438\/revisions"}],"predecessor-version":[{"id":460,"href":"https:\/\/www.festi-courts-cote-bleue.fr\/index.php?rest_route=\/wp\/v2\/pages\/438\/revisions\/460"}],"wp:attachment":[{"href":"https:\/\/www.festi-courts-cote-bleue.fr\/index.php?rest_route=%2Fwp%2Fv2%2Fmedia&parent=438"}],"curies":[{"name":"wp","href":"https:\/\/api.w.org\/{rel}","templated":true}]}}